{"id":37,"date":"2025-12-03T19:56:48","date_gmt":"2025-12-03T18:56:48","guid":{"rendered":"https:\/\/shiatsu-entre2mers.fr\/?page_id=37"},"modified":"2026-02-19T14:12:38","modified_gmt":"2026-02-19T13:12:38","slug":"les-soins","status":"publish","type":"page","link":"https:\/\/shiatsu-entre2mers.fr\/index.php\/les-soins\/","title":{"rendered":"Les Particuliers"},"content":{"rendered":"\n<h2 class=\"wp-block-heading\"><strong>Le SHIATSU<\/strong><\/h2>\n\n\n\n<figure class=\"wp-block-gallery has-nested-images columns-default is-cropped wp-block-gallery-1 is-layout-flex wp-block-gallery-is-layout-flex\">\n<figure class=\"wp-block-image size-large\"><img loading=\"lazy\" decoding=\"async\" width=\"1024\" height=\"683\" data-id=\"18\" src=\"https:\/\/shiatsu-entre2mers.fr\/wp-content\/uploads\/2025\/12\/3-1024x683.jpg\" alt=\"Shiatsu entre-deux-mers Latresne Aur\u00e9lie Huchin\" class=\"wp-image-18\" srcset=\"https:\/\/shiatsu-entre2mers.fr\/wp-content\/uploads\/2025\/12\/3-1024x683.jpg 1024w, https:\/\/shiatsu-entre2mers.fr\/wp-content\/uploads\/2025\/12\/3-300x200.jpg 300w, https:\/\/shiatsu-entre2mers.fr\/wp-content\/uploads\/2025\/12\/3-768x512.jpg 768w, https:\/\/shiatsu-entre2mers.fr\/wp-content\/uploads\/2025\/12\/3-1536x1025.jpg 1536w, https:\/\/shiatsu-entre2mers.fr\/wp-content\/uploads\/2025\/12\/3-2048x1366.jpg 2048w\" sizes=\"auto, (max-width: 1024px) 100vw, 1024px\" \/><figcaption class=\"wp-element-caption\">Shiatsu entre-deux-mers Latresne Aur\u00e9lie Huchin<\/figcaption><\/figure>\n<\/figure>\n\n\n\n<ul class=\"wp-block-list\">\n<li><\/li>\n<\/ul>\n\n\n\n<div class=\"wp-block-buttons is-content-justification-center is-layout-flex wp-container-core-buttons-is-layout-16018d1d wp-block-buttons-is-layout-flex\">\n<div class=\"wp-block-button has-custom-width wp-block-button__width-75\"><a class=\"wp-block-button__link has-white-color has-text-color has-background has-link-color wp-element-button\" href=\"https:\/\/shiatsu-entre2mers.fr\/index.php\/quest-ce-que-le-shiatsu\/\" style=\"background-color:#58a2ab\">D\u00e9couvrir le Shiatsu<\/a><\/div>\n<\/div>\n\n\n\n<h2 class=\"wp-block-heading\"><strong>Le Kobido<\/strong><\/h2>\n\n\n\n<figure class=\"wp-block-gallery has-nested-images columns-default is-cropped wp-block-gallery-2 is-layout-flex wp-block-gallery-is-layout-flex\">\n<figure class=\"wp-block-image size-large\"><img loading=\"lazy\" decoding=\"async\" width=\"1024\" height=\"683\" data-id=\"22\" src=\"https:\/\/shiatsu-entre2mers.fr\/wp-content\/uploads\/2025\/12\/7-1024x683.jpg\" alt=\"Shiatsu entre-deux-mers Latresne Aur\u00e9lie Huchin\" class=\"wp-image-22\" srcset=\"https:\/\/shiatsu-entre2mers.fr\/wp-content\/uploads\/2025\/12\/7-1024x683.jpg 1024w, https:\/\/shiatsu-entre2mers.fr\/wp-content\/uploads\/2025\/12\/7-300x200.jpg 300w, https:\/\/shiatsu-entre2mers.fr\/wp-content\/uploads\/2025\/12\/7-768x512.jpg 768w, https:\/\/shiatsu-entre2mers.fr\/wp-content\/uploads\/2025\/12\/7-1536x1024.jpg 1536w, https:\/\/shiatsu-entre2mers.fr\/wp-content\/uploads\/2025\/12\/7-2048x1365.jpg 2048w\" sizes=\"auto, (max-width: 1024px) 100vw, 1024px\" \/><figcaption class=\"wp-element-caption\">Shiatsu entre-deux-mers Latresne Aur\u00e9lie Huchin<\/figcaption><\/figure>\n<\/figure>\n\n\n\n<p>Le <strong>kobido <\/strong>est un massage ancestral japonais <strong>anti-\u00e2ge<\/strong> et <strong>liftant<\/strong> du visage.<\/p>\n\n\n\n<p>Il combine des mouvements pr\u00e9cis, rythm\u00e9s et rapides des mains pour stimuler les muscles faciaux, activer la circulation sanguine et lymphatique et raviver l\u2019\u00e9clat de la peau.<br>Les cernes et les rides s\u2019amenuisent, l\u2019ovale du visage est raffermi.<br>Ce soin est associ\u00e9 \u00e0 l\u2019utilisation des m\u00e9ridiens et leurs points d\u2019acupressions.<br>Le r\u00e9sultat est visible d\u00e8s la 1\u00e9re s\u00e9ance&nbsp;: un v\u00e9ritable effet tenseur est ressenti, la peau est rebondie et le teint s\u2019illumine&nbsp;!<\/p>\n\n\n\n<p>On le qualifie souvent de lifting naturel japonais.<\/p>\n\n\n\n<h2 class=\"wp-block-heading\"><strong>Les tarifs des prestations IKIGAI SHIATSU<\/strong><\/h2>\n\n\n\n<p><strong>SHIATSU adulte<\/strong> (Dur\u00e9e 1h15) <strong>70\u20ac<\/strong><\/p>\n\n\n\n<p><strong>SHIATSU enfant<\/strong> <em>(jusqu\u2019\u00e0 13 ans) <\/em> <strong>45\u20ac<\/strong><\/p>\n\n\n\n<p><strong>KOBIDO<\/strong> <em>(dur\u00e9e 1h) <\/em> <strong>70\u20ac<\/strong><\/p>\n\n\n\n<p><strong>FORFAIT 4 s\u00e9ances<\/strong> <em>(valable 8 mois) <\/em> <strong>240\u20ac<\/strong><\/p>\n\n\n\n<p><\/p>\n","protected":false},"excerpt":{"rendered":"<p>Le SHIATSU Le Kobido Le kobido est un massage ancestral japonais anti-\u00e2ge et liftant du visage. Il combine des mouvements pr\u00e9cis, rythm\u00e9s et rapides des &hellip;<\/p>\n","protected":false},"author":3,"featured_media":0,"parent":0,"menu_order":0,"comment_status":"closed","ping_status":"closed","template":"","meta":{"footnotes":""},"class_list":["post-37","page","type-page","status-publish","hentry"],"_links":{"self":[{"href":"https:\/\/shiatsu-entre2mers.fr\/index.php\/wp-json\/wp\/v2\/pages\/37","targetHints":{"allow":["GET"]}}],"collection":[{"href":"https:\/\/shiatsu-entre2mers.fr\/index.php\/wp-json\/wp\/v2\/pages"}],"about":[{"href":"https:\/\/shiatsu-entre2mers.fr\/index.php\/wp-json\/wp\/v2\/types\/page"}],"author":[{"embeddable":true,"href":"https:\/\/shiatsu-entre2mers.fr\/index.php\/wp-json\/wp\/v2\/users\/3"}],"replies":[{"embeddable":true,"href":"https:\/\/shiatsu-entre2mers.fr\/index.php\/wp-json\/wp\/v2\/comments?post=37"}],"version-history":[{"count":13,"href":"https:\/\/shiatsu-entre2mers.fr\/index.php\/wp-json\/wp\/v2\/pages\/37\/revisions"}],"predecessor-version":[{"id":211,"href":"https:\/\/shiatsu-entre2mers.fr\/index.php\/wp-json\/wp\/v2\/pages\/37\/revisions\/211"}],"wp:attachment":[{"href":"https:\/\/shiatsu-entre2mers.fr\/index.php\/wp-json\/wp\/v2\/media?parent=37"}],"curies":[{"name":"wp","href":"https:\/\/api.w.org\/{rel}","templated":true}]}}