{"id":35,"date":"2025-12-03T19:56:37","date_gmt":"2025-12-03T18:56:37","guid":{"rendered":"https:\/\/shiatsu-entre2mers.fr\/?page_id=35"},"modified":"2026-02-19T14:09:17","modified_gmt":"2026-02-19T13:09:17","slug":"quest-ce-que-le-shiatsu","status":"publish","type":"page","link":"https:\/\/shiatsu-entre2mers.fr\/index.php\/quest-ce-que-le-shiatsu\/","title":{"rendered":"Qu\u2019est-ce que le Shiatsu ?"},"content":{"rendered":"\n<figure class=\"wp-block-image size-large\"><img loading=\"lazy\" decoding=\"async\" width=\"1024\" height=\"683\" src=\"https:\/\/shiatsu-entre2mers.fr\/wp-content\/uploads\/2025\/12\/4-1024x683.jpg\" alt=\"Shiatsu entre-deux-mers - Latresne - Aur\u00e9lie Huchin\" class=\"wp-image-19\" srcset=\"https:\/\/shiatsu-entre2mers.fr\/wp-content\/uploads\/2025\/12\/4-1024x683.jpg 1024w, https:\/\/shiatsu-entre2mers.fr\/wp-content\/uploads\/2025\/12\/4-300x200.jpg 300w, https:\/\/shiatsu-entre2mers.fr\/wp-content\/uploads\/2025\/12\/4-768x512.jpg 768w, https:\/\/shiatsu-entre2mers.fr\/wp-content\/uploads\/2025\/12\/4-1536x1025.jpg 1536w, https:\/\/shiatsu-entre2mers.fr\/wp-content\/uploads\/2025\/12\/4-2048x1366.jpg 2048w\" sizes=\"auto, (max-width: 1024px) 100vw, 1024px\" \/><figcaption class=\"wp-element-caption\">Shiatsu entre-deux-mers &#8211; Latresne &#8211; Aur\u00e9lie Huchin<\/figcaption><\/figure>\n\n\n\n<h2 class=\"wp-block-heading\"><strong>Qu\u2019est-ce que le Shiatsu ? Origines, Signification et Bienfaits<\/strong><\/h2>\n\n\n\n<p>Litt\u00e9ralement, le terme <strong>\u00ab Shiatsu \u00bb<\/strong> signifie <strong>\u00ab pression des doigts \u00bb<\/strong> en japonais (shi = doigt, atsu = pression). Il s\u2019agit d\u2019une technique manuelle d\u2019origine japonaise bas\u00e9e sur les principes de la m\u00e9decine traditionnelle chinoise. Le Shiatsu consiste \u00e0 appliquer des pressions rythm\u00e9es des pouces, des paumes ou des coudes sur des points pr\u00e9cis du corps, appel\u00e9s aussi points d\u2019acupuncture, qui se trouvent le long des m\u00e9ridiens \u00e9nerg\u00e9tiques.<\/p>\n\n\n\n<h2 class=\"wp-block-heading\"><strong>Une Technique de R\u00e9\u00e9quilibrage \u00c9nerg\u00e9tique<\/strong><\/h2>\n\n\n\n<p>Cette approche holistique vise \u00e0 r\u00e9tablir l\u2019\u00e9quilibre \u00e9nerg\u00e9tique du corps, \u00e0 am\u00e9liorer ou maintenir la sant\u00e9 globale. Le Shiatsu permet de soulager les tensions physiques et \u00e9motionnelles, d\u2019\u00e9liminer les blocages physiologiques et \u00e9nerg\u00e9tiques, et d\u2019harmoniser le corps et l\u2019esprit. Son objectif principal est de soulager les tensions, de r\u00e9duire les douleurs tout en agissant sur les causes profondes des d\u00e9s\u00e9quilibres.<\/p>\n\n\n\n<h2 class=\"wp-block-heading\"><strong>Pour Qui ? Les B\u00e9n\u00e9ficiaires du Shiatsu<\/strong><\/h2>\n\n\n\n<p>Le Shiatsu s\u2019adresse \u00e0 toutes les personnes, quelles que soient leur \u00e2ge ou leur condition. Enfants, adolescents, adultes et personnes \u00e2g\u00e9es peuvent b\u00e9n\u00e9ficier de cette th\u00e9rapie douce et naturelle.<\/p>\n\n\n\n<h2 class=\"wp-block-heading\"><strong>Pourquoi Consulter un Praticien en Shiatsu ?<\/strong><\/h2>\n\n\n\n<p>Le Shiatsu est recommand\u00e9 dans le traitement de nombreux troubles, notamment :<\/p>\n\n\n\n<ul class=\"wp-block-list\">\n<li>Troubles \u00e9motionnels : stress, anxi\u00e9t\u00e9, fatigue psychique, d\u00e9pression, troubles du sommeil<\/li>\n\n\n\n<li>Troubles physiques : tensions musculaires, douleurs chroniques, troubles digestifs, migraines, infections \u00e0 r\u00e9p\u00e9tition<\/li>\n\n\n\n<li>Difficult\u00e9s li\u00e9es au cycle f\u00e9minin : douleurs menstruelles, grossesse, m\u00e9nopause<\/li>\n\n\n\n<li>Pour les sportifs en pr\u00e9paration physique, pour \u00e9viter les blessures, optimiser les performances et am\u00e9liorer la r\u00e9cup\u00e9ration<\/li>\n\n\n\n<li>En pr\u00e9vention, pour pr\u00e9venir des sympt\u00f4mes qui d\u00e9coulent des d\u00e9s\u00e9quilibres \u00e9nerg\u00e9tiques.<\/li>\n<\/ul>\n\n\n\n<p>Il est important de noter que le Shiatsu ne remplace pas un traitement m\u00e9dical, mais constitue un soutien compl\u00e9mentaire pour optimiser votre sant\u00e9 et votre bien-\u00eatre.<\/p>\n\n\n\n<h2 class=\"wp-block-heading\"><strong>Comment se d\u00e9roule une s\u00e9ance de Shiatsu dans mon cabinet&nbsp;?<\/strong><\/h2>\n\n\n\n<p>La s\u00e9ance de Shiatsu d\u00e9bute toujours par un \u00e9change entre le praticien et le receveur, afin de comprendre la raison de votre venue, votre ressenti physique et psychologique, ainsi que vos ant\u00e9c\u00e9dents m\u00e9dicaux (op\u00e9rations, pathologies, traitements m\u00e9dicamenteux).<br>Ces \u00e9l\u00e9ments vont me permettre de cibler mon travail. Ne soyez pas surpris, il est possible que j\u2019observe votre langue et que je prenne vos pouls pour confirmer mon diagnostic \u00e9nerg\u00e9tique.<br>La s\u00e9ance se d\u00e9roule traditionnellement au sol, sur un futon, et se termine par un \u00e9change sur votre ressenti post-shiatsu.<\/p>\n\n\n\n<p><em>NB : Le receveur est v\u00eatu d\u2019une tenue confortable avec des v\u00eatements l\u00e9gers et souples, ainsi qu\u2019une paire de chaussettes propres.<\/em><\/p>\n\n\n\n<h2 class=\"wp-block-heading\"><strong>Reconnaissance et Reconnaissance Europ\u00e9enne du Shiatsu<\/strong><\/h2>\n\n\n\n<p>Depuis les ann\u00e9es 1980, le <strong>Shiatsu<\/strong> s\u2019est d\u00e9velopp\u00e9 en Europe, notamment en France, en Allemagne et en Suisse. Il est aujourd\u2019hui reconnu comme une pratique de bien-\u00eatre et de pr\u00e9vention. En 1997, le Parlement europ\u00e9en a class\u00e9 le Shiatsu parmi les huit m\u00e9decines non conventionnelles dignes d\u2019int\u00e9r\u00eat.<\/p>\n\n\n\n<div class=\"wp-block-buttons is-content-justification-center is-layout-flex wp-container-core-buttons-is-layout-16018d1d wp-block-buttons-is-layout-flex\">\n<div class=\"wp-block-button has-custom-width wp-block-button__width-75\"><a class=\"wp-block-button__link has-white-color has-text-color has-background has-link-color wp-element-button\" href=\"\/contact\/\" style=\"background-color:#58a2ab\">CONTACTEZ-MOI<\/a><\/div>\n<\/div>\n\n\n\n<p><\/p>\n\n\n\n<p class=\"has-text-align-center\" style=\"font-size:17px\"><a href=\"https:\/\/shiatsu-entre2mers.fr\/index.php\/contact\/\" data-type=\"page\" data-id=\"58\"><strong>Contactez moi pour une s\u00e9ance de shiatsu ou pour en savoir plus sur les bienfaits de cette m\u00e9decine douce japonaise<\/strong><\/a><\/p>\n\n\n\n<p><\/p>\n\n\n\n<p><\/p>\n","protected":false},"excerpt":{"rendered":"<p>Qu\u2019est-ce que le Shiatsu ? Origines, Signification et Bienfaits Litt\u00e9ralement, le terme \u00ab Shiatsu \u00bb signifie \u00ab pression des doigts \u00bb en japonais (shi = &hellip;<\/p>\n","protected":false},"author":3,"featured_media":0,"parent":0,"menu_order":0,"comment_status":"closed","ping_status":"closed","template":"","meta":{"footnotes":""},"class_list":["post-35","page","type-page","status-publish","hentry"],"_links":{"self":[{"href":"https:\/\/shiatsu-entre2mers.fr\/index.php\/wp-json\/wp\/v2\/pages\/35","targetHints":{"allow":["GET"]}}],"collection":[{"href":"https:\/\/shiatsu-entre2mers.fr\/index.php\/wp-json\/wp\/v2\/pages"}],"about":[{"href":"https:\/\/shiatsu-entre2mers.fr\/index.php\/wp-json\/wp\/v2\/types\/page"}],"author":[{"embeddable":true,"href":"https:\/\/shiatsu-entre2mers.fr\/index.php\/wp-json\/wp\/v2\/users\/3"}],"replies":[{"embeddable":true,"href":"https:\/\/shiatsu-entre2mers.fr\/index.php\/wp-json\/wp\/v2\/comments?post=35"}],"version-history":[{"count":12,"href":"https:\/\/shiatsu-entre2mers.fr\/index.php\/wp-json\/wp\/v2\/pages\/35\/revisions"}],"predecessor-version":[{"id":209,"href":"https:\/\/shiatsu-entre2mers.fr\/index.php\/wp-json\/wp\/v2\/pages\/35\/revisions\/209"}],"wp:attachment":[{"href":"https:\/\/shiatsu-entre2mers.fr\/index.php\/wp-json\/wp\/v2\/media?parent=35"}],"curies":[{"name":"wp","href":"https:\/\/api.w.org\/{rel}","templated":true}]}}