{"id":33,"date":"2025-12-03T19:56:25","date_gmt":"2025-12-03T18:56:25","guid":{"rendered":"https:\/\/shiatsu-entre2mers.fr\/?page_id=33"},"modified":"2026-02-19T14:08:39","modified_gmt":"2026-02-19T13:08:39","slug":"qui-suis-je","status":"publish","type":"page","link":"https:\/\/shiatsu-entre2mers.fr\/index.php\/qui-suis-je\/","title":{"rendered":"Qui suis-je\u00a0?"},"content":{"rendered":"\n<figure class=\"wp-block-gallery has-nested-images columns-default is-cropped wp-block-gallery-1 is-layout-flex wp-block-gallery-is-layout-flex\">\n<figure class=\"wp-block-image size-large\"><img loading=\"lazy\" decoding=\"async\" width=\"1024\" height=\"683\" data-id=\"16\" src=\"https:\/\/shiatsu-entre2mers.fr\/wp-content\/uploads\/2025\/12\/1-1024x683.jpg\" alt=\"Shiatsu entre-deux-mers Latresne Aur\u00e9lie Huchin\" class=\"wp-image-16\" srcset=\"https:\/\/shiatsu-entre2mers.fr\/wp-content\/uploads\/2025\/12\/1-1024x683.jpg 1024w, https:\/\/shiatsu-entre2mers.fr\/wp-content\/uploads\/2025\/12\/1-300x200.jpg 300w, https:\/\/shiatsu-entre2mers.fr\/wp-content\/uploads\/2025\/12\/1-768x512.jpg 768w, https:\/\/shiatsu-entre2mers.fr\/wp-content\/uploads\/2025\/12\/1-1536x1024.jpg 1536w, https:\/\/shiatsu-entre2mers.fr\/wp-content\/uploads\/2025\/12\/1-2048x1365.jpg 2048w\" sizes=\"auto, (max-width: 1024px) 100vw, 1024px\" \/><figcaption class=\"wp-element-caption\">Shiatsu entre-deux-mers Latresne Aur\u00e9lie Huchin<\/figcaption><\/figure>\n<\/figure>\n\n\n\n<p><\/p>\n\n\n\n<h2 class=\"wp-block-heading\"><strong>Mon parcours vers le Shiatsu<\/strong><\/h2>\n\n\n\n<p>Responsable qualit\u00e9 en <strong>laboratoire d\u2019analyses m\u00e9dicales<\/strong> depuis plus de 20 ans, j\u2019ai \u00e9volu\u00e9 dans le domaine exigeant de la <strong>sant\u00e9 et du management de la qualit\u00e9<\/strong>. Cette exp\u00e9rience m\u2019a permis de d\u00e9velopper rigueur, \u00e9coute et sens du service. Avec le temps, j\u2019ai ressenti le besoin d\u2019ouvrir un nouveau chapitre professionnel : <strong>me rapprocher davantage du patient, redonner un nouveau sens \u00e0 mon travail<\/strong> et d\u00e9couvrir une approche plus globale de la sant\u00e9.<\/p>\n\n\n\n<h2 class=\"wp-block-heading\"><strong>La d\u00e9couverte du Shiatsu<\/strong><\/h2>\n\n\n\n<p>\u00c0 la suite de <strong>maux de dos r\u00e9currents<\/strong> et de <strong>troubles posturaux<\/strong> m\u2019emp\u00eachant parfois de rester debout dans une simple file d\u2019attente, j\u2019ai d\u00e9couvert tous les bienfaits du <strong>Shiatsu<\/strong>, une discipline japonaise bas\u00e9e sur des pressions exerc\u00e9es le long des m\u00e9ridiens \u00e9nerg\u00e9tiques. Cette pratique m\u2019a apport\u00e9e un <strong>r\u00e9el soulagement physique<\/strong>, un <strong>meilleur \u00e9quilibre postural<\/strong> et un <strong>bien-\u00eatre g\u00e9n\u00e9ral durable<\/strong>. Intrigu\u00e9e par l\u2019efficacit\u00e9 de cette approche naturelle, j\u2019ai ressenti le besoin de <strong>comprendre et d\u2019approfondir<\/strong> ses fondements.<\/p>\n\n\n\n<h2 class=\"wp-block-heading\"><strong>De la curiosit\u00e9 \u00e0 la pratique professionnelle<\/strong><\/h2>\n\n\n\n<p>Anim\u00e9e par cette passion nouvelle, j\u2019ai int\u00e9gr\u00e9 l\u2019<strong>\u00e9cole FUJI TAISHAN<\/strong> en 2023, puis l\u2019<strong>\u00e9cole ATSUKO<\/strong> en 2024, o\u00f9 j\u2019ai re\u00e7u un enseignement complet en <strong>Koho-Shiatsu<\/strong>. Aujourd\u2019hui, j\u2019exerce en tant que <strong>praticienne certifi\u00e9e en Shiatsu \u00e0 Latresne (pr\u00e8s de Bordeaux)<\/strong>, avec la volont\u00e9 d\u2019accompagner chaque personne sur son chemin de sant\u00e9 et d\u2019\u00e9quilibre gr\u00e2ce \u00e0 cette approche holistique japonaise.<\/p>\n\n\n\n<h2 class=\"wp-block-heading\"><strong>Mes certifications<\/strong><\/h2>\n\n\n\n<p><a href=\"https:\/\/atsuko-ecoledeshiatsu.fr\/?gad_source=1&amp;gad_campaignid=20153055268&amp;gbraid=0AAAAApojB1S2QYREFSceIIjpPGjibgpi9&amp;gclid=Cj0KCQjwh5vFBhCyARIsAHBx2wydcsBldikEumzc_iXwtCsgcJHxHWEfaIjX5DXtaI5IenvDUfyrkHAaAqmREALw_wcB\" target=\"_blank\" rel=\"noreferrer noopener\">Ecole de Shiatsu Atsuko<\/a>&nbsp;<\/p>\n\n\n\n<p><strong>676h de formation<\/strong> (sur 3 ans) au <strong><em>Koho Shiatsu et Energ\u00e9tique Chinoise<\/em><\/strong>,<\/p>\n\n\n\n<p>dont :<br>&#8211; Anatomie et Physionomie <em>(Fabienne Demillian, Infirmi\u00e8re et Sp\u00e9cialiste Koho Shiatsu)<\/em><br>&#8211; Anatomie Palpatoire <em>( Guillaume Reynard, Ost\u00e9opathe DO)<\/em><br>&#8211; Initiation \u00e0 la r\u00e9flexologie plantaire <em>( Nadine Paill\u00e9, Praticienne Shiatsu et R\u00e9flexologie)<\/em><br>&#8211; Shiatsu en oncologie <em>( Magali Marchet, Infirmi\u00e8re en oncologie et sp\u00e9cialiste en Koho Shiatsu)<\/em><br>&#8211; Gyn\u00e9cologie et M\u00e9decine Traditionnelle Chinoise <em>( Elsa DOU, Sage femme acupunctrice)<\/em><br>&#8211; Initiation \u00e0 la Th\u00e9rapie manuelle <em>( Guillaume Reynard, Ost\u00e9opathe DO)<\/em><\/p>\n\n\n\n<p><strong>\u200b\u200bFormations compl\u00e9mentaires<\/strong><br>-Massage liftant anti-\u00e2ge japonais Type Kobido, <em>Isabeau Bloy- Sp\u00e9cialiste en Shiatsu<\/em><br>-Hirano Seitai&nbsp;(Hakone, Japon)&nbsp;&#8211;<em>&nbsp;Masakazu Hirano<\/em><br>-Massage du dos et pose de ventouses&nbsp;<em>&#8211;&nbsp;<\/em>Isabeau Bloy , &#8211; Sp\u00e9cialiste en Shiatsu<\/p>\n\n\n\n<p><em>et d&rsquo;autres \u00e0 venir &#8230;<\/em><em><\/em><\/p>\n\n\n\n<p><\/p>\n\n\n\n<div class=\"wp-block-buttons is-content-justification-center is-layout-flex wp-container-core-buttons-is-layout-5590e8cb wp-block-buttons-is-layout-flex\">\n<div class=\"wp-block-button has-custom-width wp-block-button__width-75 is-style-fill\"><a class=\"wp-block-button__link has-white-color has-text-color has-background has-link-color wp-element-button\" href=\"https:\/\/shiatsu-entre2mers.fr\/index.php\/contact\/\" style=\"background-color:#58a2ab\">CONTACTEZ-MOI<\/a><\/div>\n<\/div>\n\n\n\n<p><\/p>\n\n\n\n<p class=\"has-text-align-center\" style=\"font-size:16px\"><strong>Contactez moi pour une s\u00e9ance de shiatsu ou pour en savoir plus sur les bienfaits de cette m\u00e9decine douce japonaise<\/strong><\/p>\n","protected":false},"excerpt":{"rendered":"<p>Mon parcours vers le Shiatsu Responsable qualit\u00e9 en laboratoire d\u2019analyses m\u00e9dicales depuis plus de 20 ans, j\u2019ai \u00e9volu\u00e9 dans le domaine exigeant de la sant\u00e9 &hellip;<\/p>\n","protected":false},"author":3,"featured_media":0,"parent":0,"menu_order":0,"comment_status":"closed","ping_status":"closed","template":"","meta":{"footnotes":""},"class_list":["post-33","page","type-page","status-publish","hentry"],"_links":{"self":[{"href":"https:\/\/shiatsu-entre2mers.fr\/index.php\/wp-json\/wp\/v2\/pages\/33","targetHints":{"allow":["GET"]}}],"collection":[{"href":"https:\/\/shiatsu-entre2mers.fr\/index.php\/wp-json\/wp\/v2\/pages"}],"about":[{"href":"https:\/\/shiatsu-entre2mers.fr\/index.php\/wp-json\/wp\/v2\/types\/page"}],"author":[{"embeddable":true,"href":"https:\/\/shiatsu-entre2mers.fr\/index.php\/wp-json\/wp\/v2\/users\/3"}],"replies":[{"embeddable":true,"href":"https:\/\/shiatsu-entre2mers.fr\/index.php\/wp-json\/wp\/v2\/comments?post=33"}],"version-history":[{"count":12,"href":"https:\/\/shiatsu-entre2mers.fr\/index.php\/wp-json\/wp\/v2\/pages\/33\/revisions"}],"predecessor-version":[{"id":208,"href":"https:\/\/shiatsu-entre2mers.fr\/index.php\/wp-json\/wp\/v2\/pages\/33\/revisions\/208"}],"wp:attachment":[{"href":"https:\/\/shiatsu-entre2mers.fr\/index.php\/wp-json\/wp\/v2\/media?parent=33"}],"curies":[{"name":"wp","href":"https:\/\/api.w.org\/{rel}","templated":true}]}}