{"id":112,"date":"2026-01-14T12:13:38","date_gmt":"2026-01-14T11:13:38","guid":{"rendered":"https:\/\/shiatsu-entre2mers.fr\/?page_id=112"},"modified":"2026-02-19T14:25:27","modified_gmt":"2026-02-19T13:25:27","slug":"les-entreprises","status":"publish","type":"page","link":"https:\/\/shiatsu-entre2mers.fr\/index.php\/les-entreprises\/","title":{"rendered":"Les Entreprises"},"content":{"rendered":"\n<div class=\"wp-block-cover\"><img loading=\"lazy\" decoding=\"async\" width=\"1024\" height=\"768\" class=\"wp-block-cover__image-background wp-image-152\" alt=\"Shiatsu entre-deux-mers - Latresne - Aur\u00e9lie Huchin\" src=\"https:\/\/shiatsu-entre2mers.fr\/wp-content\/uploads\/2026\/01\/patria-futon-1024x768.jpg\" data-object-fit=\"cover\" srcset=\"https:\/\/shiatsu-entre2mers.fr\/wp-content\/uploads\/2026\/01\/patria-futon-1024x768.jpg 1024w, https:\/\/shiatsu-entre2mers.fr\/wp-content\/uploads\/2026\/01\/patria-futon-300x225.jpg 300w, https:\/\/shiatsu-entre2mers.fr\/wp-content\/uploads\/2026\/01\/patria-futon-768x576.jpg 768w, https:\/\/shiatsu-entre2mers.fr\/wp-content\/uploads\/2026\/01\/patria-futon-1536x1152.jpg 1536w, https:\/\/shiatsu-entre2mers.fr\/wp-content\/uploads\/2026\/01\/patria-futon-400x300.jpg 400w, https:\/\/shiatsu-entre2mers.fr\/wp-content\/uploads\/2026\/01\/patria-futon.jpg 1600w\" sizes=\"auto, (max-width: 1024px) 100vw, 1024px\" \/><span aria-hidden=\"true\" class=\"wp-block-cover__background has-background-dim\"><\/span><div class=\"wp-block-cover__inner-container is-layout-flow wp-block-cover-is-layout-flow\">\n<p class=\"has-text-align-center has-large-font-size\">Intervention en entreprise<\/p>\n\n\n\n<p class=\"has-text-align-center has-large-font-size\">Shiatsu entre-deux-mers &#8211; Latresne &#8211; Aur\u00e9lie Huchin<\/p>\n<\/div><\/div>\n\n\n\n<div class=\"wp-block-columns is-layout-flex wp-container-core-columns-is-layout-9d6595d7 wp-block-columns-is-layout-flex\">\n<div class=\"wp-block-column is-layout-flow wp-block-column-is-layout-flow\"><div class=\"wp-block-image\">\n<figure class=\"aligncenter size-large\"><img loading=\"lazy\" decoding=\"async\" width=\"768\" height=\"1024\" src=\"https:\/\/shiatsu-entre2mers.fr\/wp-content\/uploads\/2026\/01\/patria-dos-768x1024.jpg\" alt=\"Shiatsu entre-deux-mers - Latresne - Aur\u00e9lie Huchin\" class=\"wp-image-151\" srcset=\"https:\/\/shiatsu-entre2mers.fr\/wp-content\/uploads\/2026\/01\/patria-dos-768x1024.jpg 768w, https:\/\/shiatsu-entre2mers.fr\/wp-content\/uploads\/2026\/01\/patria-dos-225x300.jpg 225w, https:\/\/shiatsu-entre2mers.fr\/wp-content\/uploads\/2026\/01\/patria-dos-1152x1536.jpg 1152w, https:\/\/shiatsu-entre2mers.fr\/wp-content\/uploads\/2026\/01\/patria-dos.jpg 1200w\" sizes=\"auto, (max-width: 768px) 100vw, 768px\" \/><figcaption class=\"wp-element-caption\">Shiatsu entre-deux-mers &#8211; Latresne &#8211; Aur\u00e9lie Huchin<\/figcaption><\/figure>\n<\/div><\/div>\n\n\n\n<div class=\"wp-block-column is-layout-flow wp-block-column-is-layout-flow\"><div class=\"wp-block-image\">\n<figure class=\"aligncenter size-large\"><img loading=\"lazy\" decoding=\"async\" width=\"768\" height=\"1024\" src=\"https:\/\/shiatsu-entre2mers.fr\/wp-content\/uploads\/2026\/01\/patria-dos-3-768x1024.jpg\" alt=\"Shiatsu entre-deux-mers - Latresne - Aur\u00e9lie Huchin\" class=\"wp-image-150\" srcset=\"https:\/\/shiatsu-entre2mers.fr\/wp-content\/uploads\/2026\/01\/patria-dos-3-768x1024.jpg 768w, https:\/\/shiatsu-entre2mers.fr\/wp-content\/uploads\/2026\/01\/patria-dos-3-225x300.jpg 225w, https:\/\/shiatsu-entre2mers.fr\/wp-content\/uploads\/2026\/01\/patria-dos-3-1152x1536.jpg 1152w, https:\/\/shiatsu-entre2mers.fr\/wp-content\/uploads\/2026\/01\/patria-dos-3.jpg 1200w\" sizes=\"auto, (max-width: 768px) 100vw, 768px\" \/><figcaption class=\"wp-element-caption\">Shiatsu entre-deux-mers &#8211; Latresne &#8211; Aur\u00e9lie Huchin<\/figcaption><\/figure>\n<\/div><\/div>\n<\/div>\n\n\n\n<h2 class=\"wp-block-heading\"><strong>Pourquoi proposer le Shiatsu \u00e0 vos collaborateurs&nbsp;?<\/strong><\/h2>\n\n\n\n<p>Dans un environnement professionnel exigeant, le stress, la fatigue, la charge mentale fragilisent les collaborateurs et impactent la performance collective.<\/p>\n\n\n\n<p>Le shiatsu, technique manuelle d\u2019origine japonaise apporte une r\u00e9ponse concr\u00e8te aux enjeux de la qualit\u00e9 de vie au travail (QVCT)<\/p>\n\n\n\n<p>Prenez soin de vos collaborateurs, ils prendront soin de votre entreprise, offrez-leur un moment de d\u00e9tente<\/p>\n\n\n\n<h2 class=\"wp-block-heading\"><strong>Les b\u00e9n\u00e9fices pour vos collaborateurs<\/strong><\/h2>\n\n\n\n<p>Pr\u00e9vention des TMS et Am\u00e9lioration du Bien-\u00catre au Travail<\/p>\n\n\n\n<p>Dans un monde professionnel de plus en plus exigeant, la pr\u00e9vention des troubles musculo-squelettiques (TMS) et la gestion du stress sont devenues des priorit\u00e9s pour les entreprises soucieuses du bien-\u00eatre de leurs employ\u00e9s. Voici comment le Shiatsu peut transformer votre environnement de travail.<\/p>\n\n\n\n<p><strong>1 &#8211;<\/strong> <strong>Pr\u00e9vention des TMS : Soulagement et Meilleure Posture<\/strong><br>Le Shiatsu est une m\u00e9thode de massage japonais qui favorise le soulagement des douleurs et l&rsquo;am\u00e9lioration de la posture. En int\u00e9grant des s\u00e9ances de Shiatsu dans votre routine, vous pouvez pr\u00e9venir efficacement les TMS, souvent caus\u00e9s par des positions de travail inappropri\u00e9es. Un corps d\u00e9tendu et bien align\u00e9 permet de r\u00e9duire les risques de blessures et d&rsquo;accro\u00eetre la productivit\u00e9.<br><\/p>\n\n\n\n<p><strong>2 &#8211; R\u00e9duction du Stress et de l\u2019Anxi\u00e9t\u00e9 : D\u00e9tente Rapide et Rel\u00e2chement Musculaire<\/strong><br>Le stress et l&rsquo;anxi\u00e9t\u00e9 peuvent avoir des r\u00e9percussions s\u00e9rieuses sur la sant\u00e9 mentale et physique des employ\u00e9s. Le Shiatsu offre une solution rapide pour induire la d\u00e9tente et favoriser le rel\u00e2chement musculaire. En lib\u00e9rant les tensions accumul\u00e9es, cette pratique aide \u00e0 cr\u00e9er un environnement de travail plus serein, propice \u00e0 la cr\u00e9ativit\u00e9 et \u00e0 l&rsquo;innovation.<br><\/p>\n\n\n\n<p><strong>3 &#8211; Regain d\u2019Attention et d\u2019\u00c9nergie : Clart\u00e9 Mentale et Concentration<\/strong><br>En favorisant la circulation sanguine et en apaisant l&rsquo;esprit, le Shiatsu permet aux employ\u00e9s de retrouver leur \u00e9nergie et leur clart\u00e9 mentale. Cela se traduit par un regain de vitalit\u00e9 et une concentration accrue durant les heures de travail. Des collaborateurs attentifs et dynamiques sont des atouts pr\u00e9cieux pour toute entreprise.<br><\/p>\n\n\n\n<p><strong>4 &#8211; Am\u00e9lioration du Climat Social : Marque Employeur<\/strong><br>Investir dans le bien-\u00eatre des employ\u00e9s \u00e0 travers des pratiques telles que le Shiatsu contribue \u00e0 am\u00e9liorer le climat social au sein de l&rsquo;entreprise. Cela renvoie une image positive et proactive, renfor\u00e7ant ainsi votre marque employeur. Un environnement de travail positif attire non seulement les talents, mais favorise \u00e9galement la fid\u00e9lisation des collaborateurs existants.<\/p>\n\n\n\n<p><br>Ainsi, la mise en place de solutions de bien-\u00eatre comme le Shiatsu offre une multitude de b\u00e9n\u00e9fices. De la pr\u00e9vention des TMS \u00e0 la r\u00e9duction du stress, en passant par l&rsquo;am\u00e9lioration de la concentration et du climat social, ces pratiques sont essentielles pour construire une culture d&rsquo;entreprise ax\u00e9e sur la sant\u00e9 et le bien-\u00eatre. Adopter le Shiatsu, c&rsquo;est investir dans l&rsquo;avenir de votre entreprise et le bonheur de vos employ\u00e9s.<\/p>\n\n\n\n<h2 class=\"wp-block-heading\"><strong>Prestations<\/strong><\/h2>\n\n\n\n<ul class=\"wp-block-list\">\n<li>Shiatsu sur futon 30 minutes (sous r\u00e9serve d\u2019un espace adapt\u00e9)<\/li>\n\n\n\n<li>Shiatsu sur futon 45 minutes (sous r\u00e9serve d\u2019un espace adapt\u00e9)<\/li>\n\n\n\n<li>Shiatsu sur chaise 30 minutes<\/li>\n\n\n\n<li>Prestation journ\u00e9e \/ demi- journ\u00e9e<\/li>\n<\/ul>\n\n\n\n<p><\/p>\n\n\n\n<div class=\"wp-block-buttons is-content-justification-center is-layout-flex wp-container-core-buttons-is-layout-16018d1d wp-block-buttons-is-layout-flex\">\n<div class=\"wp-block-button has-custom-width wp-block-button__width-75\"><a class=\"wp-block-button__link has-white-color has-text-color has-background has-link-color has-large-font-size has-custom-font-size wp-element-button\" href=\"https:\/\/shiatsu-entre2mers.fr\/index.php\/contact\/\" style=\"background-color:#58a2ab\">DEMANDEZ UN DEVIS<\/a><\/div>\n<\/div>\n","protected":false},"excerpt":{"rendered":"<p>Pourquoi proposer le Shiatsu \u00e0 vos collaborateurs&nbsp;? Dans un environnement professionnel exigeant, le stress, la fatigue, la charge mentale fragilisent les collaborateurs et impactent la &hellip;<\/p>\n","protected":false},"author":2,"featured_media":0,"parent":0,"menu_order":0,"comment_status":"closed","ping_status":"closed","template":"","meta":{"footnotes":""},"class_list":["post-112","page","type-page","status-publish","hentry"],"_links":{"self":[{"href":"https:\/\/shiatsu-entre2mers.fr\/index.php\/wp-json\/wp\/v2\/pages\/112","targetHints":{"allow":["GET"]}}],"collection":[{"href":"https:\/\/shiatsu-entre2mers.fr\/index.php\/wp-json\/wp\/v2\/pages"}],"about":[{"href":"https:\/\/shiatsu-entre2mers.fr\/index.php\/wp-json\/wp\/v2\/types\/page"}],"author":[{"embeddable":true,"href":"https:\/\/shiatsu-entre2mers.fr\/index.php\/wp-json\/wp\/v2\/users\/2"}],"replies":[{"embeddable":true,"href":"https:\/\/shiatsu-entre2mers.fr\/index.php\/wp-json\/wp\/v2\/comments?post=112"}],"version-history":[{"count":11,"href":"https:\/\/shiatsu-entre2mers.fr\/index.php\/wp-json\/wp\/v2\/pages\/112\/revisions"}],"predecessor-version":[{"id":217,"href":"https:\/\/shiatsu-entre2mers.fr\/index.php\/wp-json\/wp\/v2\/pages\/112\/revisions\/217"}],"wp:attachment":[{"href":"https:\/\/shiatsu-entre2mers.fr\/index.php\/wp-json\/wp\/v2\/media?parent=112"}],"curies":[{"name":"wp","href":"https:\/\/api.w.org\/{rel}","templated":true}]}}